{"id":1184,"date":"2024-07-02T14:52:34","date_gmt":"2024-07-02T14:52:34","guid":{"rendered":"https:\/\/atfb.de\/?page_id=1184"},"modified":"2024-07-02T15:15:57","modified_gmt":"2024-07-02T15:15:57","slug":"arbeitnehmerueberlassung","status":"publish","type":"page","link":"https:\/\/atfb.de\/?page_id=1184","title":{"rendered":"Arbeitnehmer\u00fcberlassung"},"content":{"rendered":"\t\t<div data-elementor-type=\"wp-page\" data-elementor-id=\"1184\" class=\"elementor elementor-1184\" data-elementor-post-type=\"page\">\n\t\t\t\t<div class=\"elementor-element elementor-element-4d7d755 e-flex e-con-boxed e-con e-parent\" data-id=\"4d7d755\" data-element_type=\"container\">\n\t\t\t\t\t<div class=\"e-con-inner\">\n\t\t\t\t<div class=\"elementor-element elementor-element-e88bdf5 elementor-widget elementor-widget-text-editor\" data-id=\"e88bdf5\" data-element_type=\"widget\" data-widget_type=\"text-editor.default\">\n\t\t\t\t<div class=\"elementor-widget-container\">\n\t\t\t\t\t\t\t<h2>Arbeitnehmer\u00fcberlassung<\/h2><p>\u00a0<\/p><h3>Sie suchen <strong>IT-Mitarbeiter<\/strong> f\u00fcr Ihr Unternehmen?\u00a0<\/h3><p><img fetchpriority=\"high\" decoding=\"async\" class=\"alignnone size-full wp-image-346\" src=\"https:\/\/atfb.de\/wp-content\/uploads\/2024\/03\/demo-014.jpg\" alt=\"\" width=\"1280\" height=\"700\" srcset=\"https:\/\/atfb.de\/wp-content\/uploads\/2024\/03\/demo-014.jpg 1280w, https:\/\/atfb.de\/wp-content\/uploads\/2024\/03\/demo-014-300x164.jpg 300w, https:\/\/atfb.de\/wp-content\/uploads\/2024\/03\/demo-014-1024x560.jpg 1024w, https:\/\/atfb.de\/wp-content\/uploads\/2024\/03\/demo-014-768x420.jpg 768w\" sizes=\"(max-width: 1280px) 100vw, 1280px\" \/>Als zuverl\u00e4ssiger Partner an Ihrer Seite unterst\u00fctzen wir Sie professionell und schnell bei Personalbedarf im IT-Bereich.<\/p><p>Damit wir die richtigen Leiharbeitnehmer f\u00fcr Sie finden, ben\u00f6tigen wir unter anderem folgende Informationen:<\/p><ul><li>Welche T\u00e4tigkeiten sind auszu\u00fcben?<\/li><li>Welche Qualifikationen hat der Mitarbeiter mitzubringen?<\/li><li>Wo ist der Arbeitsort?<\/li><li>F\u00fcr welchen Zeitraum ben\u00f6tigen Sie zus\u00e4tzliches Personal?<\/li><\/ul><p>Mit diesem Anforderungsprofil machen wir uns auf die Mitarbeitersuche. Hierzu nutzen wir unser bestehendes Netzwerk an Kandidaten und schreiben die Stelle auf allen relevanten Kan\u00e4len aus. Haben Sie sich f\u00fcr einen oder mehrere Kandidaten entschieden, beginnt die \u00dcberlassung. Der Einsatz startet und der bzw. die Zeitarbeitnehmer f\u00fchren vor Ort die gew\u00fcnschte T\u00e4tigkeit aus.<\/p><div class=\"panel-heading\">\u00a0<\/div><div id=\"collapse1\" class=\"panel-collapse out collapse in\" aria-expanded=\"true\"><div class=\"panel-body\"><p class=\"big\">\u00a0<\/p><\/div><\/div><p>Nehmen Sie gerne mit uns Kontakt auf.<\/p>\t\t\t\t\t\t<\/div>\n\t\t\t\t<\/div>\n\t\t\t\t\t<\/div>\n\t\t\t\t<\/div>\n\t\t\t\t<\/div>\n\t\t","protected":false},"excerpt":{"rendered":"<p>Arbeitnehmer\u00fcberlassung \u00a0 Sie suchen IT-Mitarbeiter f\u00fcr Ihr Unternehmen?\u00a0 Als zuverl\u00e4ssiger Partner an Ihrer Seite unterst\u00fctzen wir Sie professionell und schnell bei Personalbedarf im IT-Bereich. Damit wir die richtigen Leiharbeitnehmer f\u00fcr Sie finden, ben\u00f6tigen wir unter anderem folgende Informationen: Welche T\u00e4tigkeiten sind auszu\u00fcben? Welche Qualifikationen hat der Mitarbeiter mitzubringen? Wo ist der Arbeitsort? F\u00fcr welchen Zeitraum [&hellip;]<\/p>\n","protected":false},"author":1,"featured_media":0,"parent":0,"menu_order":0,"comment_status":"closed","ping_status":"closed","template":"","meta":{"footnotes":""},"class_list":["post-1184","page","type-page","status-publish","hentry"],"_links":{"self":[{"href":"https:\/\/atfb.de\/index.php?rest_route=\/wp\/v2\/pages\/1184","targetHints":{"allow":["GET"]}}],"collection":[{"href":"https:\/\/atfb.de\/index.php?rest_route=\/wp\/v2\/pages"}],"about":[{"href":"https:\/\/atfb.de\/index.php?rest_route=\/wp\/v2\/types\/page"}],"author":[{"embeddable":true,"href":"https:\/\/atfb.de\/index.php?rest_route=\/wp\/v2\/users\/1"}],"replies":[{"embeddable":true,"href":"https:\/\/atfb.de\/index.php?rest_route=%2Fwp%2Fv2%2Fcomments&post=1184"}],"version-history":[{"count":31,"href":"https:\/\/atfb.de\/index.php?rest_route=\/wp\/v2\/pages\/1184\/revisions"}],"predecessor-version":[{"id":1223,"href":"https:\/\/atfb.de\/index.php?rest_route=\/wp\/v2\/pages\/1184\/revisions\/1223"}],"wp:attachment":[{"href":"https:\/\/atfb.de\/index.php?rest_route=%2Fwp%2Fv2%2Fmedia&parent=1184"}],"curies":[{"name":"wp","href":"https:\/\/api.w.org\/{rel}","templated":true}]}}