{"id":177,"date":"2024-03-21T16:27:13","date_gmt":"2024-03-21T16:27:13","guid":{"rendered":"https:\/\/atfb.de\/?page_id=177"},"modified":"2024-07-01T18:06:29","modified_gmt":"2024-07-01T18:06:29","slug":"dienstleistungen","status":"publish","type":"page","link":"https:\/\/atfb.de\/?page_id=177","title":{"rendered":"Dienstleistungen"},"content":{"rendered":"\t\t<div data-elementor-type=\"wp-page\" data-elementor-id=\"177\" class=\"elementor elementor-177\" data-elementor-post-type=\"page\">\n\t\t\t\t<div class=\"elementor-element elementor-element-51b2ac19 e-flex e-con-boxed e-con e-parent\" data-id=\"51b2ac19\" data-element_type=\"container\">\n\t\t\t\t\t<div class=\"e-con-inner\">\n\t\t\t\t<div class=\"elementor-element elementor-element-9609136 elementor-widget elementor-widget-text-editor\" data-id=\"9609136\" data-element_type=\"widget\" data-widget_type=\"text-editor.default\">\n\t\t\t\t<div class=\"elementor-widget-container\">\n\t\t\t\t\t\t\t<!-- wp:list -->\n<h2>Dienstleistungen<\/h2>\n<p>Unser Team kennt die Bed\u00fcrfnisse der Unternehmen vor Ort. Als Ihr Partner in s\u00e4mtlichen IT-Themen bringen wir gemeinsam mit Ihnen die Digitalisierung Ihres Unternehmens voran.<\/p>\n<p>Unsere Dienstleistungen im \u00dcberblick:<\/p>\n<ul><!-- wp:list-item -->\n<li>IT Consulting \u2013 Beratung und Installation<\/li>\n<!-- \/wp:list-item --><!-- wp:list-item -->\n<li>Systemanalyse<\/li>\n<!-- \/wp:list-item --><!-- wp:list-item -->\n<li>Anforderungsanalyse<\/li>\n<!-- \/wp:list-item --><!-- wp:list-item -->\n<li>Umsetzung\/ Installation<\/li>\n<!-- \/wp:list-item --><!-- wp:list-item -->\n<li>Installieren und konfigurieren neuerHard- und Software.<\/li>\n<!-- \/wp:list-item --><!-- wp:list-item -->\n<li>die\u00a0<strong>Erstellung ma\u00dfgeschneiderter Konzepte<\/strong>, die Ihre Ziele treffsicher erreichen: z.B. Reduktion der IT Gesamtkosten, Erh\u00f6hung der IT Sicherheit, Optimierung Ihrer Unternehmensprozesse<\/li>\n<!-- \/wp:list-item --><!-- wp:list-item -->\n<li><strong>Ma\u00dfnahmenpl\u00e4ne und Projektmanagement<\/strong>\u00a0in Anlehnung an Prince2 (Anpassung des Overhead an die Projektgr\u00f6\u00dfe)<\/li>\n<!-- \/wp:list-item --><!-- wp:list-item -->\n<li>Regelm\u00e4\u00dfiges\u00a0<strong>t\u00e4gliches Reporting<\/strong>\u00a0zum Projektstatus an den Kunden<\/li>\n<!-- \/wp:list-item --><!-- wp:list-item -->\n<li>Installation und Umsetzung unserer eigenen oder der Ihnen von Dritten konzipierten L\u00f6sungen durch\u00a0<strong>zertifiziertes IT Fachpersonal<\/strong>\u00a0sowie Supervision durch einen erfahrenen Teamleiter<\/li>\n<!-- \/wp:list-item --><!-- wp:list-item -->\n<li><strong>IT Rollouts und Deployments<\/strong>\u00a0durch festangestellte Mahr EDV Experten (keine Hilfskr\u00e4fte!) nach erprobten und f\u00fcr Ihr Vorhaben geeigneten detaillierten Ablaufpl\u00e4nen inkl. im Vorfeld vereinbarter Abschlusstests<\/li>\n<!-- \/wp:list-item --><!-- wp:list-item -->\n<li><strong>Geringstm\u00f6gliche Betriebsunterbrechung<\/strong>\u00a0dank intensiver Vorbereitung und eines hohen Anteils bereits von Mahr EDV vorkonfigurierter Hard- und Software\u00a0<\/li>\n<!-- \/wp:list-item --><!-- wp:list-item --><!-- \/wp:list-item --><!-- wp:list-item -->\n<li>Netzwerktechnik &amp; Ausleuchtung<\/li>\n<li>Dokumentation<\/li>\n<!-- \/wp:list-item --><\/ul>\n<p>\u00a0<\/p>\n<p>\u00a0<\/p>\n<!-- \/wp:list -->\t\t\t\t\t\t<\/div>\n\t\t\t\t<\/div>\n\t\t\t\t<div class=\"elementor-element elementor-element-e26a3b7 elementor-widget elementor-widget-text-editor\" data-id=\"e26a3b7\" data-element_type=\"widget\" data-widget_type=\"text-editor.default\">\n\t\t\t\t<div class=\"elementor-widget-container\">\n\t\t\t\t\t\t\t<p><img fetchpriority=\"high\" decoding=\"async\" class=\"alignnone size-full wp-image-1098\" src=\"https:\/\/atfb.de\/wp-content\/uploads\/2024\/07\/mitarbeiter.collage1-scaled.jpg\" alt=\"\" width=\"2560\" height=\"565\" srcset=\"https:\/\/atfb.de\/wp-content\/uploads\/2024\/07\/mitarbeiter.collage1-scaled.jpg 2560w, https:\/\/atfb.de\/wp-content\/uploads\/2024\/07\/mitarbeiter.collage1-300x66.jpg 300w, https:\/\/atfb.de\/wp-content\/uploads\/2024\/07\/mitarbeiter.collage1-1024x226.jpg 1024w, https:\/\/atfb.de\/wp-content\/uploads\/2024\/07\/mitarbeiter.collage1-768x169.jpg 768w, https:\/\/atfb.de\/wp-content\/uploads\/2024\/07\/mitarbeiter.collage1-1536x339.jpg 1536w, https:\/\/atfb.de\/wp-content\/uploads\/2024\/07\/mitarbeiter.collage1-2048x452.jpg 2048w\" sizes=\"(max-width: 2560px) 100vw, 2560px\" \/><\/p>\n<p>Wir sind Dienstleister aus Leidenschaft.\u00a0Unsere Mitarbeiter sind Remote oder vor Ort in Ihrem Unternehmen Bundes- und europaweit im Einsatz.<\/p>\t\t\t\t\t\t<\/div>\n\t\t\t\t<\/div>\n\t\t<div class=\"elementor-element elementor-element-9236419 e-grid e-con-boxed e-con e-child\" data-id=\"9236419\" data-element_type=\"container\">\n\t\t\t\t\t<div class=\"e-con-inner\">\n\t\t\t\t\t<\/div>\n\t\t\t\t<\/div>\n\t\t\t\t\t<\/div>\n\t\t\t\t<\/div>\n\t\t\t\t<\/div>\n\t\t","protected":false},"excerpt":{"rendered":"<p>Wir sind Dienstleister aus Leidenschaft.\u00a0Unsere Mitarbeiter sind Remote oder vor Ort in Ihrem Unternehmen Bundes- und europaweit im Einsatz.<\/p>\n","protected":false},"author":1,"featured_media":0,"parent":0,"menu_order":0,"comment_status":"closed","ping_status":"closed","template":"","meta":{"footnotes":""},"class_list":["post-177","page","type-page","status-publish","hentry"],"_links":{"self":[{"href":"https:\/\/atfb.de\/index.php?rest_route=\/wp\/v2\/pages\/177","targetHints":{"allow":["GET"]}}],"collection":[{"href":"https:\/\/atfb.de\/index.php?rest_route=\/wp\/v2\/pages"}],"about":[{"href":"https:\/\/atfb.de\/index.php?rest_route=\/wp\/v2\/types\/page"}],"author":[{"embeddable":true,"href":"https:\/\/atfb.de\/index.php?rest_route=\/wp\/v2\/users\/1"}],"replies":[{"embeddable":true,"href":"https:\/\/atfb.de\/index.php?rest_route=%2Fwp%2Fv2%2Fcomments&post=177"}],"version-history":[{"count":23,"href":"https:\/\/atfb.de\/index.php?rest_route=\/wp\/v2\/pages\/177\/revisions"}],"predecessor-version":[{"id":1113,"href":"https:\/\/atfb.de\/index.php?rest_route=\/wp\/v2\/pages\/177\/revisions\/1113"}],"wp:attachment":[{"href":"https:\/\/atfb.de\/index.php?rest_route=%2Fwp%2Fv2%2Fmedia&parent=177"}],"curies":[{"name":"wp","href":"https:\/\/api.w.org\/{rel}","templated":true}]}}