{"id":2,"date":"2024-03-11T06:43:08","date_gmt":"2024-03-11T06:43:08","guid":{"rendered":"https:\/\/atfb.de\/?page_id=2"},"modified":"2024-07-02T08:47:50","modified_gmt":"2024-07-02T08:47:50","slug":"sample-page","status":"publish","type":"page","link":"https:\/\/atfb.de\/?page_id=2","title":{"rendered":"Ausleuchtung"},"content":{"rendered":"\t\t<div data-elementor-type=\"wp-page\" data-elementor-id=\"2\" class=\"elementor elementor-2\" data-elementor-post-type=\"page\">\n\t\t\t\t<div class=\"elementor-element elementor-element-2ef6ea4 e-flex e-con-boxed e-con e-parent\" data-id=\"2ef6ea4\" data-element_type=\"container\">\n\t\t\t\t\t<div class=\"e-con-inner\">\n\t\t\t\t<div class=\"elementor-element elementor-element-2287e480 elementor-widget elementor-widget-text-editor\" data-id=\"2287e480\" data-element_type=\"widget\" data-widget_type=\"text-editor.default\">\n\t\t\t\t<div class=\"elementor-widget-container\">\n\t\t\t\t\t\t\t<!-- wp:image -->\n<figure class=\"wp-block-image\"><\/figure>\n<!-- \/wp:columns --><!-- wp:heading {\"level\":3} --><!-- \/wp:heading --><!-- wp:image -->\n<h1>Ausleuchtung<\/h1>\n<h2>WLAN PLANUNG UND AUSLEUCHTUNG<\/h2>\n<p>Sie planen die Einrichtung eines WLAN Netzes in Ihrem Unternehmen?<br \/>Wir realisieren f\u00fcr Sie eine WLAN Ausleuchtung nach Ma\u00df. Egal ob f\u00fcr Ihr Zentrallager, f\u00fcr Ihre B\u00fcroumgebung oder den Fertigungsbereich mit Hochregallagern und Au\u00dfenbereichen.<\/p>\n<h2>Checkliste zur WLAN-Planung<\/h2>\n<p>Wie hoch ist die Nutzerdichte?<br \/>Welcher Traffic ist zu erwarten?<br \/>Wie viele Nutzer pro Einheit brauchen gleichzeitig Zugriff auf das drahtlose Netzwerk?<br \/>Welche R\u00e4umlichkeiten \/ Bereiche sollen mit WLAN versorgt werden?<br \/>Welche Applikationen sollen bereitgestellt werden (Nur Web und E-Mail oder auch VoIP?)?<br \/>Ist ein Geb\u00e4udeplan mit Ma\u00dfstab vorhanden? Dieser ist f\u00fcr die Planung notwendig.<br \/>Welche baulichen Gegebenheiten k\u00f6nnen das WLAN-Netz negativ beeinflussen?<br \/>Dicke Mauern, (Stahl-)Beton, Ziegel, Rigips, Holz, Glas, Fensterfronten, Stahlelemente etc.<br \/>Gibt es weitere Gegebenheiten, die Einfluss auf das WLAN haben k\u00f6nnten? Metallregale, Stahltr\u00e4ger etc.<br \/>Gibt es sicherheitssensitive Umgebungen in der N\u00e4he (beispielsweise Krankenh\u00e4user), die gest\u00f6rt werden k\u00f6nnten?<br \/>Gibt es bereits m\u00f6gliche Standorte f\u00fcr die Access Points?<br \/>Welche st\u00f6renden Einfl\u00fcsse von au\u00dfen m\u00fcssen beachtet werden?<\/p>\n<h2>Wie gehen wir vor?<\/h2>\n<p><strong>Analyse\u00a0<br \/><\/strong>Nachdem Sie uns einen digitalisierten Bauplan, der auszuleuchtenden Bereiche, zu Verf\u00fcgung gestellt haben analysieren wir diesen. Anhand des Bauplans k\u00f6nnen wir bereits m\u00f6gliche St\u00f6rungen feststellen die wir vor Ort genauer \u00fcberpr\u00fcfen.<\/p>\n<p><strong>Ausleuchtung<br \/><\/strong>Die Ausleuchtung findet vor Ort statt. Die vorher festgelegten Bereiche werden mit <span style=\"text-decoration: underline;\">professionellem Equipment<\/span> und modernsten Softwaretools vermessen. Es wird unter anderem festgestellt, wo die Sendeleistung am st\u00e4rksten ist und wo sich St\u00f6rquellen und St\u00f6rfrequenzen befinden.<\/p>\n<p><strong>Auswertung<br \/><\/strong>Die erfassten Daten werden ausgewertet und visualisiert. Vorhandene St\u00f6rquellen werden dargestellt und erl\u00e4utert.<\/p>\n<p><strong>Festlegung der Hardware<br \/><\/strong>Es erfolgt die Ermittlung und Festlegung der Anzahl und Art der ben\u00f6tigten Netzwerkkomponenten. Sollten hier Ihrerseits Pr\u00e4ferenzen zu bestimmten Herstellern bestehen gehen wir hierauf bei unserer Planung ein.<\/p>\n<p><strong>Dokumentation<br \/><\/strong>In der Dokumentation sind neben der Auswertung der Ausleuchtung die Ausleuchtungsbedingungen und das angewendeten Equipment aufgelistet. Weiterhin beinhaltet die Dokumentation von uns erstellte Fotos und Beschreibungen.<\/p>\n<p><strong>Abschlussbesprechung<br \/><\/strong>Am Ende unserer T\u00e4tigkeit findet eine ausf\u00fchrliche Abschlussbesprechung des Projektes statt. Zum Abschluss \u00fcbergeben wir Ihnen die gesamte Dokumentation.<\/p>\n<h2><strong>Mit welchem System realisieren wir die Ausleuchtung?<br \/><\/strong><\/h2>\n<p>Wir arbeiten bereits seit Jahren mit dem System Ekahau\u00a0<br \/><br \/><\/p>\n<p><img fetchpriority=\"high\" decoding=\"async\" class=\"alignnone size-full wp-image-1164\" src=\"https:\/\/atfb.de\/wp-content\/uploads\/2024\/07\/ausleuchtung.atfb_.jpg\" alt=\"\" width=\"1256\" height=\"646\" srcset=\"https:\/\/atfb.de\/wp-content\/uploads\/2024\/07\/ausleuchtung.atfb_.jpg 1256w, https:\/\/atfb.de\/wp-content\/uploads\/2024\/07\/ausleuchtung.atfb_-300x154.jpg 300w, https:\/\/atfb.de\/wp-content\/uploads\/2024\/07\/ausleuchtung.atfb_-1024x527.jpg 1024w, https:\/\/atfb.de\/wp-content\/uploads\/2024\/07\/ausleuchtung.atfb_-768x395.jpg 768w\" sizes=\"(max-width: 1256px) 100vw, 1256px\" \/><\/p>\n<p>Automatisch Validierung des Zustands Ihres WLAN-Netzwerks mit einer leicht verst\u00e4ndlichen Pass\/Fail-Anzeige.<\/p>\n<p>\u00a0<\/p>\n<p>\u00a0<\/p>\n<p>\u00a0<\/p>\n<!-- \/wp:paragraph -->\t\t\t\t\t\t<\/div>\n\t\t\t\t<\/div>\n\t\t\t\t\t<\/div>\n\t\t\t\t<\/div>\n\t\t\t\t<\/div>\n\t\t","protected":false},"excerpt":{"rendered":"","protected":false},"author":1,"featured_media":0,"parent":0,"menu_order":0,"comment_status":"closed","ping_status":"open","template":"","meta":{"footnotes":""},"class_list":["post-2","page","type-page","status-publish","hentry"],"_links":{"self":[{"href":"https:\/\/atfb.de\/index.php?rest_route=\/wp\/v2\/pages\/2","targetHints":{"allow":["GET"]}}],"collection":[{"href":"https:\/\/atfb.de\/index.php?rest_route=\/wp\/v2\/pages"}],"about":[{"href":"https:\/\/atfb.de\/index.php?rest_route=\/wp\/v2\/types\/page"}],"author":[{"embeddable":true,"href":"https:\/\/atfb.de\/index.php?rest_route=\/wp\/v2\/users\/1"}],"replies":[{"embeddable":true,"href":"https:\/\/atfb.de\/index.php?rest_route=%2Fwp%2Fv2%2Fcomments&post=2"}],"version-history":[{"count":69,"href":"https:\/\/atfb.de\/index.php?rest_route=\/wp\/v2\/pages\/2\/revisions"}],"predecessor-version":[{"id":1182,"href":"https:\/\/atfb.de\/index.php?rest_route=\/wp\/v2\/pages\/2\/revisions\/1182"}],"wp:attachment":[{"href":"https:\/\/atfb.de\/index.php?rest_route=%2Fwp%2Fv2%2Fmedia&parent=2"}],"curies":[{"name":"wp","href":"https:\/\/api.w.org\/{rel}","templated":true}]}}