{"id":689,"date":"2024-07-01T10:00:50","date_gmt":"2024-07-01T10:00:50","guid":{"rendered":"https:\/\/atfb.de\/?page_id=689"},"modified":"2024-07-01T18:53:25","modified_gmt":"2024-07-01T18:53:25","slug":"netzwerktechnik-2","status":"publish","type":"page","link":"https:\/\/atfb.de\/?page_id=689","title":{"rendered":"Netzwerktechnik"},"content":{"rendered":"\t\t<div data-elementor-type=\"wp-page\" data-elementor-id=\"689\" class=\"elementor elementor-689\" data-elementor-post-type=\"page\">\n\t\t\t\t<div class=\"elementor-element elementor-element-e34e0c0 e-flex e-con-boxed e-con e-parent\" data-id=\"e34e0c0\" data-element_type=\"container\">\n\t\t\t\t\t<div class=\"e-con-inner\">\n\t\t\t\t<div class=\"elementor-element elementor-element-ad320e1 elementor-widget elementor-widget-text-editor\" data-id=\"ad320e1\" data-element_type=\"widget\" data-widget_type=\"text-editor.default\">\n\t\t\t\t<div class=\"elementor-widget-container\">\n\t\t\t\t\t\t\t<h1>Netzwerktechnik<\/h1><p>Sie suchen einen kompetenten Partner f\u00fcr die Verkabelung und Betreuung Ihres lokalen Netzwerks? Unsere Netzwerk-Spezialisten beraten Sie bei der Erschlie\u00dfung neuer Kommunikationswege und unterst\u00fctzen Sie bei der Neugestaltung vorhandener Infrastrukturen.<\/p><ul><li>Netzwerkplanung<br \/>Vor Ort analysieren unsere Experten Ihre bestehende Netzwerkstruktur und \u00fcberzeugen Sie durch ein strategisches, wirtschaftlich ausgefeiltes und auf Ihre individuellen Bed\u00fcrfnisse zugeschnittenes Konzept.<br \/>Dadurch erhalten Sie eine transparente und nachvollziehbare L\u00f6sung, die Ihnen eine hohe und zuverl\u00e4ssige \u00dcbertragungsgeschwindigkeit, eine h\u00f6chstm\u00f6gliche Flexibilit\u00e4t bei der Anwendung und eine \u00a0Sicherheit Ihrer Daten garantiert.<\/li><li>Netzwerkinstallation<br \/>Damit Sie eine professionelle L\u00f6sung \u201eaus einer Hand\u201c erhalten, \u00fcbernehmen wir f\u00fcr Sie die gesamte Verkabelung Ihres neuen Netzwerks und sorgen f\u00fcr eine reibungslose Inbetriebnahme Ihres LAN oder WAN.<br \/>Neben den verschiedensten aktiven Netzwerkkomponenten \u2013 Router, Switches usw.\u00a0<\/li><li>Netzwerkservice<br \/>Um f\u00fcr Ihr Netzwerk auch in Zukunft die bestm\u00f6gliche Leistungsf\u00e4higkeit zu erhalten, stehen Ihnen unsere Mitarbeiter mit Rat und Tat zur Seite.<\/li><\/ul>\t\t\t\t\t\t<\/div>\n\t\t\t\t<\/div>\n\t\t\t\t\t<\/div>\n\t\t\t\t<\/div>\n\t\t<div class=\"elementor-element elementor-element-f1650ec e-flex e-con-boxed e-con e-parent\" data-id=\"f1650ec\" data-element_type=\"container\">\n\t\t\t\t\t<div class=\"e-con-inner\">\n\t\t\t\t<div class=\"elementor-element elementor-element-2e70210 elementor-widget elementor-widget-heading\" data-id=\"2e70210\" data-element_type=\"widget\" data-widget_type=\"heading.default\">\n\t\t\t\t<div class=\"elementor-widget-container\">\n\t\t\t<h2 class=\"elementor-heading-title elementor-size-default\">Netzwerktechnik im Hochregallager\n\n<\/h2>\t\t<\/div>\n\t\t\t\t<\/div>\n\t\t\t\t<div class=\"elementor-element elementor-element-33a98c2 elementor-widget elementor-widget-heading\" data-id=\"33a98c2\" data-element_type=\"widget\" data-widget_type=\"heading.default\">\n\t\t\t\t<div class=\"elementor-widget-container\">\n\t\t\t<span class=\"elementor-heading-title elementor-size-default\">F\u00fcr unsere europaweiten Auftr\u00e4ge im Hochregallager besitzen unsere Mitarbeiter die Plattform-Card der Ausbildungsst\u00e4tte Mateco.  Die umfangreiche Schulung der Firma in die verschiedensten Arbeitsb\u00fchnen wissen wir sehr zu  sch\u00e4tzen.\n Unsere Mitarbeiter k\u00f6nnen sich so nach kurzer Einweisung problemlos in jeden Hubsteiger  vor Ort problemlos einarbeiten.<\/span>\t\t<\/div>\n\t\t\t\t<\/div>\n\t\t<div class=\"elementor-element elementor-element-1bfaaed e-grid e-con-boxed e-con e-child\" data-id=\"1bfaaed\" data-element_type=\"container\">\n\t\t\t\t\t<div class=\"e-con-inner\">\n\t\t\t\t<div class=\"elementor-element elementor-element-9691f6a elementor-widget elementor-widget-text-editor\" data-id=\"9691f6a\" data-element_type=\"widget\" data-widget_type=\"text-editor.default\">\n\t\t\t\t<div class=\"elementor-widget-container\">\n\t\t\t\t\t\t\t<p>Unsere Mitarbeiter sind f\u00fcr Arbeiten im \u00a0Hochregallager bestens ausgebildet<\/p><p><img fetchpriority=\"high\" decoding=\"async\" class=\"alignnone size-full wp-image-715\" src=\"https:\/\/atfb.de\/wp-content\/uploads\/2024\/07\/hubi1.jpg\" alt=\"\" width=\"1512\" height=\"2016\" srcset=\"https:\/\/atfb.de\/wp-content\/uploads\/2024\/07\/hubi1.jpg 1512w, https:\/\/atfb.de\/wp-content\/uploads\/2024\/07\/hubi1-225x300.jpg 225w, https:\/\/atfb.de\/wp-content\/uploads\/2024\/07\/hubi1-768x1024.jpg 768w, https:\/\/atfb.de\/wp-content\/uploads\/2024\/07\/hubi1-1152x1536.jpg 1152w\" sizes=\"(max-width: 1512px) 100vw, 1512px\" \/><\/p>\t\t\t\t\t\t<\/div>\n\t\t\t\t<\/div>\n\t\t\t\t<div class=\"elementor-element elementor-element-1ed9b19 elementor-widget elementor-widget-text-editor\" data-id=\"1ed9b19\" data-element_type=\"widget\" data-widget_type=\"text-editor.default\">\n\t\t\t\t<div class=\"elementor-widget-container\">\n\t\t\t\t\t\t\t<p>Wir sorgen mit gut platzierten \u00a0 Access Points f\u00fcr starkes WLAN.<\/p><p><img decoding=\"async\" class=\"alignnone size-full wp-image-717\" src=\"https:\/\/atfb.de\/wp-content\/uploads\/2024\/07\/switch.jpg\" alt=\"\" width=\"1512\" height=\"2016\" srcset=\"https:\/\/atfb.de\/wp-content\/uploads\/2024\/07\/switch.jpg 1512w, https:\/\/atfb.de\/wp-content\/uploads\/2024\/07\/switch-225x300.jpg 225w, https:\/\/atfb.de\/wp-content\/uploads\/2024\/07\/switch-768x1024.jpg 768w, https:\/\/atfb.de\/wp-content\/uploads\/2024\/07\/switch-1152x1536.jpg 1152w\" sizes=\"(max-width: 1512px) 100vw, 1512px\" \/><\/p>\t\t\t\t\t\t<\/div>\n\t\t\t\t<\/div>\n\t\t\t\t<div class=\"elementor-element elementor-element-1fab642 elementor-widget elementor-widget-text-editor\" data-id=\"1fab642\" data-element_type=\"widget\" data-widget_type=\"text-editor.default\">\n\t\t\t\t<div class=\"elementor-widget-container\">\n\t\t\t\t\t\t\t<p>Wir optimieren Ihr WLAN in der Logistikhalle.<\/p><p><img decoding=\"async\" class=\"alignnone size-full wp-image-1151\" src=\"https:\/\/atfb.de\/wp-content\/uploads\/2024\/07\/netzwerktechniker.jpg\" alt=\"\" width=\"1512\" height=\"2016\" srcset=\"https:\/\/atfb.de\/wp-content\/uploads\/2024\/07\/netzwerktechniker.jpg 1512w, https:\/\/atfb.de\/wp-content\/uploads\/2024\/07\/netzwerktechniker-225x300.jpg 225w, https:\/\/atfb.de\/wp-content\/uploads\/2024\/07\/netzwerktechniker-768x1024.jpg 768w, https:\/\/atfb.de\/wp-content\/uploads\/2024\/07\/netzwerktechniker-1152x1536.jpg 1152w\" sizes=\"(max-width: 1512px) 100vw, 1512px\" \/><\/p><p>\u00a0<\/p><p>\u00a0<\/p>\t\t\t\t\t\t<\/div>\n\t\t\t\t<\/div>\n\t\t\t\t\t<\/div>\n\t\t\t\t<\/div>\n\t\t<div class=\"elementor-element elementor-element-d0a1cba e-grid e-con-boxed e-con e-child\" data-id=\"d0a1cba\" data-element_type=\"container\">\n\t\t\t\t\t<div class=\"e-con-inner\">\n\t\t\t\t\t<\/div>\n\t\t\t\t<\/div>\n\t\t\t\t\t<\/div>\n\t\t\t\t<\/div>\n\t\t<div class=\"elementor-element elementor-element-3943d3c e-flex e-con-boxed e-con e-parent\" data-id=\"3943d3c\" data-element_type=\"container\">\n\t\t\t\t\t<div class=\"e-con-inner\">\n\t\t<div class=\"elementor-element elementor-element-7a0c689 e-con-full e-flex e-con e-child\" data-id=\"7a0c689\" data-element_type=\"container\">\n\t\t\t\t<\/div>\n\t\t<div class=\"elementor-element elementor-element-1da24e7 e-con-full e-flex e-con e-child\" data-id=\"1da24e7\" data-element_type=\"container\">\n\t\t\t\t<\/div>\n\t\t<div class=\"elementor-element elementor-element-b181d52 e-con-full e-flex e-con e-child\" data-id=\"b181d52\" data-element_type=\"container\">\n\t\t\t\t<\/div>\n\t\t<div class=\"elementor-element elementor-element-7740cc7 e-con-full e-flex e-con e-child\" data-id=\"7740cc7\" data-element_type=\"container\">\n\t\t\t\t<\/div>\n\t\t\t\t\t<\/div>\n\t\t\t\t<\/div>\n\t\t<div class=\"elementor-element elementor-element-6f733d6 e-flex e-con-boxed e-con e-parent\" data-id=\"6f733d6\" data-element_type=\"container\">\n\t\t\t\t\t<div class=\"e-con-inner\">\n\t\t\t\t\t<\/div>\n\t\t\t\t<\/div>\n\t\t\t\t<\/div>\n\t\t","protected":false},"excerpt":{"rendered":"<p>Netzwerktechnik Sie suchen einen kompetenten Partner f\u00fcr die Verkabelung und Betreuung Ihres lokalen Netzwerks? Unsere Netzwerk-Spezialisten beraten Sie bei der Erschlie\u00dfung neuer Kommunikationswege und unterst\u00fctzen Sie bei der Neugestaltung vorhandener Infrastrukturen. NetzwerkplanungVor Ort analysieren unsere Experten Ihre bestehende Netzwerkstruktur und \u00fcberzeugen Sie durch ein strategisches, wirtschaftlich ausgefeiltes und auf Ihre individuellen Bed\u00fcrfnisse zugeschnittenes Konzept.Dadurch erhalten [&hellip;]<\/p>\n","protected":false},"author":1,"featured_media":0,"parent":0,"menu_order":0,"comment_status":"closed","ping_status":"closed","template":"","meta":{"footnotes":""},"class_list":["post-689","page","type-page","status-publish","hentry"],"_links":{"self":[{"href":"https:\/\/atfb.de\/index.php?rest_route=\/wp\/v2\/pages\/689","targetHints":{"allow":["GET"]}}],"collection":[{"href":"https:\/\/atfb.de\/index.php?rest_route=\/wp\/v2\/pages"}],"about":[{"href":"https:\/\/atfb.de\/index.php?rest_route=\/wp\/v2\/types\/page"}],"author":[{"embeddable":true,"href":"https:\/\/atfb.de\/index.php?rest_route=\/wp\/v2\/users\/1"}],"replies":[{"embeddable":true,"href":"https:\/\/atfb.de\/index.php?rest_route=%2Fwp%2Fv2%2Fcomments&post=689"}],"version-history":[{"count":100,"href":"https:\/\/atfb.de\/index.php?rest_route=\/wp\/v2\/pages\/689\/revisions"}],"predecessor-version":[{"id":1160,"href":"https:\/\/atfb.de\/index.php?rest_route=\/wp\/v2\/pages\/689\/revisions\/1160"}],"wp:attachment":[{"href":"https:\/\/atfb.de\/index.php?rest_route=%2Fwp%2Fv2%2Fmedia&parent=689"}],"curies":[{"name":"wp","href":"https:\/\/api.w.org\/{rel}","templated":true}]}}