{"id":784,"date":"2024-07-01T11:59:58","date_gmt":"2024-07-01T11:59:58","guid":{"rendered":"https:\/\/atfb.de\/?page_id=784"},"modified":"2024-07-01T14:25:37","modified_gmt":"2024-07-01T14:25:37","slug":"elementor-784","status":"publish","type":"page","link":"https:\/\/atfb.de\/?page_id=784","title":{"rendered":"Ekahau"},"content":{"rendered":"\t\t<div data-elementor-type=\"wp-post\" data-elementor-id=\"784\" class=\"elementor elementor-784\" data-elementor-post-type=\"page\">\n\t\t\t\t<div class=\"elementor-element elementor-element-7622dc8 e-flex e-con-boxed e-con e-parent\" data-id=\"7622dc8\" data-element_type=\"container\">\n\t\t\t\t\t<div class=\"e-con-inner\">\n\t\t\t\t<div class=\"elementor-element elementor-element-921f474 elementor-widget elementor-widget-text-editor\" data-id=\"921f474\" data-element_type=\"widget\" data-widget_type=\"text-editor.default\">\n\t\t\t\t<div class=\"elementor-widget-container\">\n\t\t\t\t\t\t\t<h2><img fetchpriority=\"high\" decoding=\"async\" class=\"alignnone size-full wp-image-789\" src=\"https:\/\/atfb.de\/wp-content\/uploads\/2024\/07\/ekahau-scaled.jpg\" alt=\"\" width=\"2560\" height=\"1429\" srcset=\"https:\/\/atfb.de\/wp-content\/uploads\/2024\/07\/ekahau-scaled.jpg 2560w, https:\/\/atfb.de\/wp-content\/uploads\/2024\/07\/ekahau-300x167.jpg 300w, https:\/\/atfb.de\/wp-content\/uploads\/2024\/07\/ekahau-1024x572.jpg 1024w, https:\/\/atfb.de\/wp-content\/uploads\/2024\/07\/ekahau-768x429.jpg 768w, https:\/\/atfb.de\/wp-content\/uploads\/2024\/07\/ekahau-1536x857.jpg 1536w, https:\/\/atfb.de\/wp-content\/uploads\/2024\/07\/ekahau-2048x1143.jpg 2048w\" sizes=\"(max-width: 2560px) 100vw, 2560px\" \/><\/h2><h2>Professionelle WLAN-Ausr\u00fcstung<\/h2><h1 class=\"product-detail-name\">Ekahau Connect Lizenz<\/h1><p>Ekahau Connect\u2122 erm\u00f6glicht es Ihnen und\u00a0<span style=\"text-decoration: underline;\"><strong>unserem erfahrenen Team,<\/strong><\/span> jedes WLAN-Netzwerk schneller und einfacher als je zuvor zu entwerfen, zu optimieren und Fehler zu beheben. Erhalten Sie genaue und umsetzbare Ergebnisse mit unseren kompletten Suite von Ekahau WLAN-Werkzeugen.<\/p><p><strong>Ekahau Survey<\/strong><\/p><p>Professionelle Vermessungs-App f\u00fcr iPhone und iPad, optimiert f\u00fcr die Verwendung mit Ekahau Sidekick*.<\/p><ul><li><strong>Autopilot Survey<\/strong> <br \/>Verfolgt automatisch den Vermessungspfad und sammelt 30 Messungen pro Sekunde, um m\u00f6glichst genaue Ergebnisse zu erzielen.<\/li><li><strong>Intuitiv, schnell und reaktionsschnell<\/strong> <br \/>Messungen sind bis zu 90 % einfacher und 33 % schneller als mit einer herk\u00f6mmlichen Laptop -L\u00f6sung.<\/li><li><strong>Automatisches Speichern &amp; Synchronisieren<\/strong> <br \/>Arbeiten \u00a0aus der Ferne in nahezu Echtzeit an Projekten mit nahtloser Cloud-Synchronisierung und automatischer Speicherung.Stundenlanges, ununterbrochenes Vermessen<\/li><\/ul><h2>Weniger Besuche vor Ort und mehr Zusammenarbeit aus der Ferne<\/h2><p>Ekahau Survey speichert die Daten Ihrer Wi-Fi-Standortvermessung automatisch und erm\u00f6glicht es , Vermessungsergebnisse schnell mit Experten zu teilen, um erweiterte Analysen, Fehlerbehebungen und detaillierte Berichte zu erstellen.<\/p><h2>Ekahau Analyzer<\/h2><p>Professionelle App zur \u00dcberpr\u00fcfung des WLAN-Zustands, Fehlerbehebung und Spektrumanalyse f\u00fcr Android- und iOS-Ger\u00e4te, optimiert f\u00fcr die Verwendung mit Ekahau Sidekick*.<\/p><ul><li><strong>Automatische Zustands\u00fcberpr\u00fcfung<\/strong> <br \/>\u00dcberpr\u00fcfen Sie automatisch den Zustand Ihres Wi-Fi-Netzwerks mit einer leicht verst\u00e4ndlichen Pass\/Fail-Anzeige.<\/li><li><strong>Erm\u00f6glichen Sie Remote-Zusammenarbeit<\/strong> <br \/>Geben Sie Ihren Mitarbeitern vor Ort die M\u00f6glichkeit, potenzielle Probleme einfach zu identifizieren und Informationen an leitende Mitarbeiter weiterzuleiten.<\/li><li><strong>Versicherung gegen Ausfallzeiten<\/strong> <br \/>Reduzieren Sie die Komplexit\u00e4t der WLAN-Fehlersuche und beheben Sie WLAN-bezogene Probleme in k\u00fcrzester Zeit.<\/li><\/ul><p>Identifizieren Sie drahtlose St\u00f6rungsquellen schnell und sorgen Sie f\u00fcr einen reibungslosen Gesch\u00e4ftsbetrieb In Verbindung mit dem Sidekick* ist der Ekahau Analyzer eine Versicherungspolice gegen l\u00e4ngere WLAN-Ausfallzeiten. Indem wir die Komplexit\u00e4t der WLAN-Fehlersuche und -validierung reduzieren, machen wir es einfach, WLAN-bezogene Probleme in k\u00fcrzester Zeit zu beheben. Entdecken Sie &#8222;Rogue&#8220;-Ger\u00e4te, identifizieren Sie Radios, die unter starkem Rauschen oder niedrigem Signalpegel leiden, und identifizieren Sie die Kan\u00e4le, auf denen Ihre Access Points arbeiten, um die allgemeine Wi-Fi-Leistung zu verbessern.<\/p><h2>Verwandeln Sie das Ger\u00e4t in Ihrer Tasche in ein leistungsf\u00e4higes Werkzeug zur Wi-Fi-Fehlersuche<\/h2><p>Ekahau Analyzer bietet Mobilit\u00e4t und Komfort f\u00fcr die Fehlersuche bei den h\u00e4ufigsten Netzwerkproblemen &#8211; mit dem Android- oder iOS-Ger\u00e4t direkt in Ihrer Tasche. Verbinden Sie Ihr Tablet oder Telefon mit dem Ekahau Sidekick*, um Ihr Netzwerk schneller, sicherer und mobiler zu diagnostizieren.<\/p><h2>Leistungsstarke WLAN-Fehlerbehebung an jedem Unternehmensstandort<\/h2><p>Dank der Remote-Zusammenarbeit kann jeder vor Ort potenzielle Probleme schnell identifizieren und Informationen an die WLAN-Experten weiterleiten. Sie erhalten umsetzbare Informationen in Echtzeit, ohne vor Ort sein zu m\u00fcssen, und sorgen f\u00fcr minimale bis gar keine Ausfallzeiten Ihres Netzwerks.<\/p><h2>Klare Pass\/Fail-Anzeige<\/h2><p>Ekahau Analyzer validiert automatisch den Zustand Ihres WLAN-Netzwerks, indem er es anhand vordefinierter Anforderungen testet und die Ergebnisse mit klaren und leicht verst\u00e4ndlichen Pass\/Fail-Anzeigen anzeigt. Erhalten Sie eine sofortige Diagnose f\u00fcr:<\/p><ul><li><strong>Signalst\u00e4rke<\/strong> <br \/>Liefert Details zum WLAN-Netzwerk mit Anzeige des prim\u00e4ren Signalpegels und des sekund\u00e4ren Signals f\u00fcr Redundanz- und Roaming-Zwecke.<\/li><li><strong>Signal-Rausch-Abstand<\/strong> <br \/>SNR (Signal-Noise-Ratio) zeigt die Qualit\u00e4t des Netzwerksignals, die sich direkt auf die erreichbaren Datenraten und die Leistung verschiedener Clients und Anwendungen in Ihrem Netzwerk auswirkt.<\/li><li><strong>Kanalqualit\u00e4t<\/strong> <br \/>Bestimmt, welche Kan\u00e4le in Ihrem drahtlosen Netzwerk \u00fcberm\u00e4\u00dfig ausgelastet sind und St\u00f6rungen verursachen.<\/li><li><strong>Analyse der Konnektivit\u00e4t<\/strong> <br \/>Testet aktiv Ihr Netzwerk mit Ihrem mobilen Ger\u00e4t, um das Roaming-Verhalten zu \u00fcberwachen und zu \u00fcberpr\u00fcfen, ob Ihr Netzwerk eine ausreichende \u00dcberlappung aufweist.<\/li><li><strong>Automatischer Test in weniger als 60 Sekunden<\/strong> <br \/>Jetzt k\u00f6nnen Sie in weniger als 60 Sekunden mit der Validierung und Fehlerbehebung Ihres drahtlosen Netzwerks beginnen. Mit der benutzerfreundlichen Touchscreen-Oberfl\u00e4che und den erweiterten Spektrumanalysefunktionen k\u00f6nnen Sie die h\u00e4ufigsten Netzwerkprobleme schnell, mobil und bequem beheben.<\/li><li><strong>Schnelle, hochaufl\u00f6sende Spectrum Analyzer App<\/strong> <br \/>Die Spektrum-Ansicht nutzt den hochaufl\u00f6senden Spektrum-Analysator im Ekahau Sidekick*, um HF-St\u00f6rungen in Echtzeit anzuzeigen. So erhalten Sie einen klaren \u00dcberblick \u00fcber Ihr Netzwerk und k\u00f6nnen Probleme schneller beheben.<\/li><\/ul><h2>Ekahau Capture<\/h2><p>Einfach zu bedienendes Packet-Capture-Tool f\u00fcr erweiterte Fehlersuche und tiefgreifende Analysen.<\/p><ul><li><strong>Erweiterte Fehlersuche<\/strong> <br \/>Erfassen Sie m\u00fchelos die Daten, die Sie f\u00fcr eine erweiterte Fehlersuche und eine eingehende Analyse von schwer zu diagnostizierenden Wi-Fi-Problemen ben\u00f6tigen.<\/li><li><strong>Sidekick*-f\u00e4hig<\/strong> <br \/>Ekahau Capture erm\u00f6glicht es jedem, mit dem Ekahau Sidekick* schnell Wi-Fi-Pakete zu erfassen.<\/li><li><strong>Keine zus\u00e4tzliche Ausr\u00fcstung<\/strong> <br \/>Sie m\u00fcssen nicht mehr in spezielle und teure Ausr\u00fcstung investieren oder auf komplexe und unzuverl\u00e4ssige Methoden zur\u00fcckgreifen, um die Paketerfassung durchzuf\u00fchren.<\/li><\/ul><h2>Erfassen zur Optimierung der Leistung von WLAN-Netzwerken.<\/h2><p>Erfassen Sie die Ursachen f\u00fcr eine hohe Kanalauslastung und berechnen Sie WLAN-Datenverkehrsstatistiken wie Wiederholungsraten, durchschnittliche Datenraten und Frame-Typ-Verteilung.<\/p><h2>Halten Sie Ihr Netzwerk sicher<\/h2><p>Erfassen Sie Sicherheitsbedrohungen wie falsch konfigurierte WLAN-Sicherheitseinstellungen, offengelegte Netzwerk- oder Benutzerinformationen, unverschl\u00fcsselten Datenverkehr und Denial-of-Service-Angriffe (DoS).<\/p><h2>Zwei sind mehr als einer<\/h2><p>Nutzen Sie beide WLAN-Radios im Ekahau Sidekick*, um auf zwei WLAN-Kan\u00e4len gleichzeitig zu erfassen und sicherzustellen, dass keine Pakete verpasst werden, wenn Ger\u00e4te zwischen zwei Zugangspunkten wechseln. Oder Sie k\u00f6nnen gleichzeitig auf 2,4 und 5 GHz erfassen.<\/p><h2>Kompatibel mit Sidekick* oder Tools von Drittanbietern<\/h2><p>Ekahau Capture speichert Pakete im Industriestandard .pcap-Format. Verwenden Sie das Sidekick* All-in-One-Wi-Fi-Diagnoseger\u00e4t, das im Lieferumfang von Connect enthalten ist, oder einen anderen Paketanalysator (separat erh\u00e4ltlich), um Verbindungsprobleme, Roaming-Probleme, verst\u00fcmmelte Audiosignale, unterbrochene Anrufe und WLAN-Treiberprobleme zu beheben.<\/p><h2>Ekahau Cloud<\/h2><p>Arbeiten Sie team\u00fcbergreifend und gleichzeitig an einem Projekt, um Mitarbeiter vor Ort und externe WLAN-Experten zu nutzen.<\/p><ul><li><strong>Flexible Zusammenarbeit<\/strong> <br \/>W\u00e4hlen Sie eine Methode der Zusammenarbeit, die f\u00fcr Sie und Ihre Kunden am besten geeignet ist, und wechseln Sie einfach zwischen Offline- und Cloud-Modus.<\/li><li><strong>Einfache Projektfreigabe<\/strong> <br \/>Genie\u00dfen Sie die nahtlose Zusammenarbeit zwischen Zentrale und Au\u00dfenstellen und machen Sie die Projektfreigabe f\u00fcr Ihr gesamtes Team einfach und bequem.<\/li><li><strong>Workflows f\u00fcr mehrere Personen<\/strong> <br \/>Mehrere Personen im Au\u00dfendienst k\u00f6nnen jetzt gleichzeitig an einem Projekt arbeiten, w\u00e4hrend wichtige Daten schnell und \u00fcberall mit WLAN-Experten geteilt werden k\u00f6nnen.<\/li><\/ul><h2>Verbunden bleiben<\/h2><p>Arbeiten Sie zusammen und verfolgen Sie den Fortschritt mehrerer Projekte in nahezu Echtzeit von jedem Ort der Welt aus.<\/p><h2>Nacharbeit minimieren<\/h2><p>Verhindern Sie kostspielige Nacharbeiten mit Hilfe der automatischen Projektsynchronisation, die Ihre Dateien ger\u00e4te\u00fcbergreifend und in der Cloud synchronisiert und auf Ihrem iPad, Laptop und Sidekick* speichert.<\/p><h2>Organisieren Sie sich<\/h2><p>Ein zentrales Projekt-Repository macht es einfach, Projektdateien zu finden und stellt sicher, dass immer die neueste Version verwendet wird. Speichern Sie bis zu 2500 Projekte und 50 GB an Projektdateien.<\/p><h2>Offline gehen<\/h2><p>Einfaches Umschalten zwischen Cloud- und Offline-Modus, wenn Projekte oder Kunden eine Offline-Speicherung der Daten erfordern.<\/p><p>\u00a0<\/p>\t\t\t\t\t\t<\/div>\n\t\t\t\t<\/div>\n\t\t\t\t\t<\/div>\n\t\t\t\t<\/div>\n\t\t\t\t<\/div>\n\t\t","protected":false},"excerpt":{"rendered":"<p>Professionelle WLAN-Ausr\u00fcstung Ekahau Connect Lizenz Ekahau Connect\u2122 erm\u00f6glicht es Ihnen und\u00a0unserem erfahrenen Team, jedes WLAN-Netzwerk schneller und einfacher als je zuvor zu entwerfen, zu optimieren und Fehler zu beheben. Erhalten Sie genaue und umsetzbare Ergebnisse mit unseren kompletten Suite von Ekahau WLAN-Werkzeugen. Ekahau Survey Professionelle Vermessungs-App f\u00fcr iPhone und iPad, optimiert f\u00fcr die Verwendung mit [&hellip;]<\/p>\n","protected":false},"author":1,"featured_media":0,"parent":0,"menu_order":0,"comment_status":"closed","ping_status":"closed","template":"","meta":{"footnotes":""},"class_list":["post-784","page","type-page","status-publish","hentry"],"_links":{"self":[{"href":"https:\/\/atfb.de\/index.php?rest_route=\/wp\/v2\/pages\/784","targetHints":{"allow":["GET"]}}],"collection":[{"href":"https:\/\/atfb.de\/index.php?rest_route=\/wp\/v2\/pages"}],"about":[{"href":"https:\/\/atfb.de\/index.php?rest_route=\/wp\/v2\/types\/page"}],"author":[{"embeddable":true,"href":"https:\/\/atfb.de\/index.php?rest_route=\/wp\/v2\/users\/1"}],"replies":[{"embeddable":true,"href":"https:\/\/atfb.de\/index.php?rest_route=%2Fwp%2Fv2%2Fcomments&post=784"}],"version-history":[{"count":15,"href":"https:\/\/atfb.de\/index.php?rest_route=\/wp\/v2\/pages\/784\/revisions"}],"predecessor-version":[{"id":893,"href":"https:\/\/atfb.de\/index.php?rest_route=\/wp\/v2\/pages\/784\/revisions\/893"}],"wp:attachment":[{"href":"https:\/\/atfb.de\/index.php?rest_route=%2Fwp%2Fv2%2Fmedia&parent=784"}],"curies":[{"name":"wp","href":"https:\/\/api.w.org\/{rel}","templated":true}]}}