{"id":883,"date":"2024-07-01T14:02:48","date_gmt":"2024-07-01T14:02:48","guid":{"rendered":"https:\/\/atfb.de\/?page_id=883"},"modified":"2024-07-01T17:19:06","modified_gmt":"2024-07-01T17:19:06","slug":"team-kariere","status":"publish","type":"page","link":"https:\/\/atfb.de\/?page_id=883","title":{"rendered":"Team &amp; Kariere"},"content":{"rendered":"\t\t<div data-elementor-type=\"wp-page\" data-elementor-id=\"883\" class=\"elementor elementor-883\" data-elementor-post-type=\"page\">\n\t\t\t\t<div class=\"elementor-element elementor-element-5850fb9 e-flex e-con-boxed e-con e-parent\" data-id=\"5850fb9\" data-element_type=\"container\">\n\t\t\t\t\t<div class=\"e-con-inner\">\n\t\t\t\t<div class=\"elementor-element elementor-element-75f8d2e elementor-widget elementor-widget-text-editor\" data-id=\"75f8d2e\" data-element_type=\"widget\" data-widget_type=\"text-editor.default\">\n\t\t\t\t<div class=\"elementor-widget-container\">\n\t\t\t\t\t\t\t<p><img fetchpriority=\"high\" decoding=\"async\" class=\"alignnone size-full wp-image-906\" src=\"https:\/\/atfb.de\/wp-content\/uploads\/2024\/07\/mitarbeiter.collage-scaled.jpg\" alt=\"\" width=\"2560\" height=\"565\" srcset=\"https:\/\/atfb.de\/wp-content\/uploads\/2024\/07\/mitarbeiter.collage-scaled.jpg 2560w, https:\/\/atfb.de\/wp-content\/uploads\/2024\/07\/mitarbeiter.collage-300x66.jpg 300w, https:\/\/atfb.de\/wp-content\/uploads\/2024\/07\/mitarbeiter.collage-1024x226.jpg 1024w, https:\/\/atfb.de\/wp-content\/uploads\/2024\/07\/mitarbeiter.collage-768x169.jpg 768w, https:\/\/atfb.de\/wp-content\/uploads\/2024\/07\/mitarbeiter.collage-1536x339.jpg 1536w, https:\/\/atfb.de\/wp-content\/uploads\/2024\/07\/mitarbeiter.collage-2048x452.jpg 2048w\" sizes=\"(max-width: 2560px) 100vw, 2560px\" \/><\/p><p>\u00a0<\/p>\t\t\t\t\t\t<\/div>\n\t\t\t\t<\/div>\n\t\t<div class=\"elementor-element elementor-element-db9506f e-flex e-con-boxed e-con e-child\" data-id=\"db9506f\" data-element_type=\"container\">\n\t\t\t\t\t<div class=\"e-con-inner\">\n\t\t\t\t<div class=\"elementor-element elementor-element-13322cf elementor-widget elementor-widget-heading\" data-id=\"13322cf\" data-element_type=\"widget\" data-widget_type=\"heading.default\">\n\t\t\t\t<div class=\"elementor-widget-container\">\n\t\t\t<h2 class=\"elementor-heading-title elementor-size-default\">Team &amp; Kariere\n<\/h2>\t\t<\/div>\n\t\t\t\t<\/div>\n\t\t\t\t<div class=\"elementor-element elementor-element-b129b05 elementor-widget elementor-widget-text-editor\" data-id=\"b129b05\" data-element_type=\"widget\" data-widget_type=\"text-editor.default\">\n\t\t\t\t<div class=\"elementor-widget-container\">\n\t\t\t\t\t\t\t<h2 class=\"blue\">Arbeiten bei Advanced Technologies for Business GmbH<\/h2><p>Ihre Expertise f\u00fcr die Bereiche \u00a0IT-Systemtechnik, Netzwerktechnik, Kabelkonfektion, Schaltschranktechnik nehmen wir gerne entgegen.<\/p><p>Unsere Kunden verlassen sich \u00a0auf unsere vielf\u00e4ltigen Komponenten und durchdachten L\u00f6sungen. Mit Ihrem Fachwissen tragen Sie \u00a0dazu bei, die Zusammenarbeit mit unseren KundInnen zu st\u00e4rken, auszubauen und erfolgreich die Zukunft mitzugestalten. Neben viel Fachwissen haben wir \u00fcbrigens auch eine Menge Spa\u00df bei der Arbeit.\u00a0<\/p>\t\t\t\t\t\t<\/div>\n\t\t\t\t<\/div>\n\t\t<div class=\"elementor-element elementor-element-9a19091 e-grid e-con-boxed e-con e-child\" data-id=\"9a19091\" data-element_type=\"container\">\n\t\t\t\t\t<div class=\"e-con-inner\">\n\t\t\t\t<div class=\"elementor-element elementor-element-155d273 elementor-widget elementor-widget-text-editor\" data-id=\"155d273\" data-element_type=\"widget\" data-widget_type=\"text-editor.default\">\n\t\t\t\t<div class=\"elementor-widget-container\">\n\t\t\t\t\t\t\t<h2 class=\"blue\">So bewerben Sie sich<\/h2><p>Sie haben Interesse an einem Job \u00a0bei uns? Dann senden Sie uns gerne Motivationsschreiben, Lebenslauf und (Arbeits-) Zeugnisse unter Angabe deiner Gehaltsvorstellung per Mail. Wie geht es dann weiter?<\/p><ol class=\"j-list\"><li>R\u00fcckmeldung von uns innerhalb 1\u20132 Wochen nach Pr\u00fcfung der Unterlagen<\/li><li>Telefonisches Kennenlernen<\/li><li>Erstes Vorstellungsgespr\u00e4ch<\/li><li>Ggf. zweites Vorstellungsgespr\u00e4ch<\/li><li>Wenn es f\u00fcr beide Seiten passt, folgen der Vertrag und die Einstellung<\/li><\/ol>\t\t\t\t\t\t<\/div>\n\t\t\t\t<\/div>\n\t\t\t\t<div class=\"elementor-element elementor-element-db1a62e elementor-widget elementor-widget-image\" data-id=\"db1a62e\" data-element_type=\"widget\" data-widget_type=\"image.default\">\n\t\t\t\t<div class=\"elementor-widget-container\">\n\t\t\t\t\t\t\t\t\t\t\t\t\t<img decoding=\"async\" width=\"300\" height=\"161\" src=\"https:\/\/atfb.de\/wp-content\/uploads\/2024\/07\/it-300x161.jpg\" class=\"attachment-medium size-medium wp-image-842\" alt=\"\" srcset=\"https:\/\/atfb.de\/wp-content\/uploads\/2024\/07\/it-300x161.jpg 300w, https:\/\/atfb.de\/wp-content\/uploads\/2024\/07\/it.jpg 675w\" sizes=\"(max-width: 300px) 100vw, 300px\" \/>\t\t\t\t\t\t\t\t\t\t\t\t\t<\/div>\n\t\t\t\t<\/div>\n\t\t\t\t<div class=\"elementor-element elementor-element-1f25402 elementor-widget elementor-widget-text-editor\" data-id=\"1f25402\" data-element_type=\"widget\" data-widget_type=\"text-editor.default\">\n\t\t\t\t<div class=\"elementor-widget-container\">\n\t\t\t\t\t\t\t<h2>Aktuelle Jobangebote finden Sie hier auf der Seite.<\/h2><p>\u00a0<\/p><h2><span style=\"text-decoration: underline;\">A k t u e l l \u00a0h a b e n \u00a0w i r<\/span><\/h2><h2>&#8222;keine Jobs&#8220;<\/h2><p>\u00a0<\/p><p>Schauen Sie bitte demn\u00e4chst wieder vorbei.<\/p>\t\t\t\t\t\t<\/div>\n\t\t\t\t<\/div>\n\t\t\t\t<div class=\"elementor-element elementor-element-9a12289 elementor-widget elementor-widget-text-editor\" data-id=\"9a12289\" data-element_type=\"widget\" data-widget_type=\"text-editor.default\">\n\t\t\t\t<div class=\"elementor-widget-container\">\n\t\t\t\t\t\t\t<h2>-Bereits vergeben-<\/h2><h5>F\u00fcr unseren Kunden in Honfleur (Frankreich) suchen wir ab sofort einen Experten f\u00fcr Netzwerktechnik (m\/w\/d)\u00a0<\/h5><p><strong>Infos zu unserem Stellenangebot unter Freelancermap<\/strong><\/p>\t\t\t\t\t\t<\/div>\n\t\t\t\t<\/div>\n\t\t\t\t<div class=\"elementor-element elementor-element-08e8845 elementor-widget elementor-widget-text-editor\" data-id=\"08e8845\" data-element_type=\"widget\" data-widget_type=\"text-editor.default\">\n\t\t\t\t<div class=\"elementor-widget-container\">\n\t\t\t\t\t\t\t<h2>-Bereits vergeben-<\/h2><h5>F\u00fcr unseren Kunden in Bayern suchen wir ab sofort einen Experten f\u00fcr EDI Anbindungen in der Automobilindustrie (m\/w\/d) &#8211; remote\u00a0<\/h5><p><strong>Infos zu unserem Stellenangebot unter Freelancermap<\/strong><\/p>\t\t\t\t\t\t<\/div>\n\t\t\t\t<\/div>\n\t\t\t\t<div class=\"elementor-element elementor-element-352c660 elementor-widget elementor-widget-text-editor\" data-id=\"352c660\" data-element_type=\"widget\" data-widget_type=\"text-editor.default\">\n\t\t\t\t<div class=\"elementor-widget-container\">\n\t\t\t\t\t\t\t<h2>-Bereits vergeben-<\/h2><h5>F\u00fcr unseren Kunden in Bayern suchen wir ab sofort einen Experten f\u00fcr EDI Anbindungen in der Automobilindustrie (m\/w\/d) &#8211; remote\u00a0<\/h5><p><strong>Infos zu unserem Stellenangebot unter Freelancermap<\/strong><\/p>\t\t\t\t\t\t<\/div>\n\t\t\t\t<\/div>\n\t\t\t\t<div class=\"elementor-element elementor-element-737a16a elementor-widget elementor-widget-text-editor\" data-id=\"737a16a\" data-element_type=\"widget\" data-widget_type=\"text-editor.default\">\n\t\t\t\t<div class=\"elementor-widget-container\">\n\t\t\t\t\t\t\t<h2>-Bereits vergeben-<\/h2><h5>Wir suchen f\u00fcr die Konzeption der Migration von Anwendungen im Rahmen eines gro\u00dfen Transitionsprojekts ab sofort einen IT Architekten (m\/w\/d) f\u00fcr unseren Kunden.\u00a0<\/h5><p><strong>Infos zu unserem Stellenangebot unter Freelancermap<\/strong><\/p><p>.<\/p>\t\t\t\t\t\t<\/div>\n\t\t\t\t<\/div>\n\t\t\t\t\t<\/div>\n\t\t\t\t<\/div>\n\t\t\t\t\t<\/div>\n\t\t\t\t<\/div>\n\t\t\t\t\t<\/div>\n\t\t\t\t<\/div>\n\t\t\t\t<\/div>\n\t\t","protected":false},"excerpt":{"rendered":"<p>\u00a0 Team &#038; Kariere Arbeiten bei Advanced Technologies for Business GmbH Ihre Expertise f\u00fcr die Bereiche \u00a0IT-Systemtechnik, Netzwerktechnik, Kabelkonfektion, Schaltschranktechnik nehmen wir gerne entgegen. Unsere Kunden verlassen sich \u00a0auf unsere vielf\u00e4ltigen Komponenten und durchdachten L\u00f6sungen. Mit Ihrem Fachwissen tragen Sie \u00a0dazu bei, die Zusammenarbeit mit unseren KundInnen zu st\u00e4rken, auszubauen und erfolgreich die Zukunft mitzugestalten. [&hellip;]<\/p>\n","protected":false},"author":1,"featured_media":0,"parent":0,"menu_order":0,"comment_status":"closed","ping_status":"closed","template":"","meta":{"footnotes":""},"class_list":["post-883","page","type-page","status-publish","hentry"],"_links":{"self":[{"href":"https:\/\/atfb.de\/index.php?rest_route=\/wp\/v2\/pages\/883","targetHints":{"allow":["GET"]}}],"collection":[{"href":"https:\/\/atfb.de\/index.php?rest_route=\/wp\/v2\/pages"}],"about":[{"href":"https:\/\/atfb.de\/index.php?rest_route=\/wp\/v2\/types\/page"}],"author":[{"embeddable":true,"href":"https:\/\/atfb.de\/index.php?rest_route=\/wp\/v2\/users\/1"}],"replies":[{"embeddable":true,"href":"https:\/\/atfb.de\/index.php?rest_route=%2Fwp%2Fv2%2Fcomments&post=883"}],"version-history":[{"count":85,"href":"https:\/\/atfb.de\/index.php?rest_route=\/wp\/v2\/pages\/883\/revisions"}],"predecessor-version":[{"id":1090,"href":"https:\/\/atfb.de\/index.php?rest_route=\/wp\/v2\/pages\/883\/revisions\/1090"}],"wp:attachment":[{"href":"https:\/\/atfb.de\/index.php?rest_route=%2Fwp%2Fv2%2Fmedia&parent=883"}],"curies":[{"name":"wp","href":"https:\/\/api.w.org\/{rel}","templated":true}]}}